{"id":490,"date":"2023-04-04T11:43:21","date_gmt":"2023-04-04T11:43:21","guid":{"rendered":"https:\/\/kingziplive.wpengine.com\/contact\/"},"modified":"2023-08-03T06:22:11","modified_gmt":"2023-08-03T06:22:11","slug":"contact","status":"publish","type":"page","link":"https:\/\/kingzip.com\/fr\/contact\/","title":{"rendered":"Contact"},"content":{"rendered":"","protected":false},"excerpt":{"rendered":"","protected":false},"author":2,"featured_media":0,"parent":0,"menu_order":0,"comment_status":"closed","ping_status":"closed","template":"","meta":{"footnotes":""},"class_list":["post-490","page","type-page","status-publish","hentry"],"acf":[],"yoast_head":"<!-- This site is optimized with the Yoast SEO plugin v20.12 - https:\/\/yoast.com\/wordpress\/plugins\/seo\/ -->\n<title>Experts en solutions de fermetures \u00e9clair | KKF KingZip<\/title>\n<meta name=\"description\" content=\"Contactez-nous pour les meilleures fermetures \u00e9clair pour vos produits. Votre satisfaction est notre priorit\u00e9. Appelez-nous d\u00e8s aujourd&#039;hui au (514) 336-6688.\" \/>\n<meta name=\"robots\" content=\"index, follow, max-snippet:-1, max-image-preview:large, max-video-preview:-1\" \/>\n<link rel=\"canonical\" href=\"https:\/\/kingzip.com\/fr\/contact\/\" \/>\n<meta property=\"og:locale\" content=\"fr_FR\" \/>\n<meta property=\"og:type\" content=\"article\" \/>\n<meta property=\"og:title\" content=\"Experts en solutions de fermetures \u00e9clair | KKF KingZip\" \/>\n<meta property=\"og:description\" content=\"Contactez-nous pour les meilleures fermetures \u00e9clair pour vos produits. Votre satisfaction est notre priorit\u00e9. Appelez-nous d\u00e8s aujourd&#039;hui au (514) 336-6688.\" \/>\n<meta property=\"og:url\" content=\"https:\/\/kingzip.com\/fr\/contact\/\" \/>\n<meta property=\"og:site_name\" content=\"KKF Kingzip\" \/>\n<meta property=\"article:publisher\" content=\"https:\/\/www.facebook.com\/KingzipFasteners\/\" \/>\n<meta property=\"article:modified_time\" content=\"2023-08-03T06:22:11+00:00\" \/>\n<meta property=\"og:image\" content=\"https:\/\/kingzip.com\/wp-content\/uploads\/2023\/04\/img-about-head-office-1.jpg\" \/>\n\t<meta property=\"og:image:width\" content=\"1108\" \/>\n\t<meta property=\"og:image:height\" content=\"920\" \/>\n\t<meta property=\"og:image:type\" content=\"image\/jpeg\" \/>\n<meta name=\"twitter:card\" content=\"summary_large_image\" \/>\n<meta name=\"twitter:title\" content=\"Experts en solutions de fermetures \u00e9clair | KKF KingZip\" \/>\n<meta name=\"twitter:description\" content=\"Contactez-nous pour les meilleures fermetures \u00e9clair pour vos produits. Votre satisfaction est notre priorit\u00e9. Appelez-nous d\u00e8s aujourd&#039;hui au (514) 336-6688.\" \/>\n<meta name=\"twitter:image\" content=\"https:\/\/kingzip.com\/wp-content\/uploads\/2023\/04\/img-about-head-office-1.jpg\" \/>\n<script type=\"application\/ld+json\" class=\"yoast-schema-graph\">{\"@context\":\"https:\/\/schema.org\",\"@graph\":[{\"@type\":\"WebPage\",\"@id\":\"https:\/\/kingzip.com\/fr\/contact\/\",\"url\":\"https:\/\/kingzip.com\/fr\/contact\/\",\"name\":\"Experts en solutions de fermetures \u00e9clair | KKF KingZip\",\"isPartOf\":{\"@id\":\"https:\/\/kingzip.com\/fr\/#website\"},\"datePublished\":\"2023-04-04T11:43:21+00:00\",\"dateModified\":\"2023-08-03T06:22:11+00:00\",\"description\":\"Contactez-nous pour les meilleures fermetures \u00e9clair pour vos produits. Votre satisfaction est notre priorit\u00e9. Appelez-nous d\u00e8s aujourd'hui au (514) 336-6688.\",\"breadcrumb\":{\"@id\":\"https:\/\/kingzip.com\/fr\/contact\/#breadcrumb\"},\"inLanguage\":\"fr-FR\",\"potentialAction\":[{\"@type\":\"ReadAction\",\"target\":[\"https:\/\/kingzip.com\/fr\/contact\/\"]}]},{\"@type\":\"BreadcrumbList\",\"@id\":\"https:\/\/kingzip.com\/fr\/contact\/#breadcrumb\",\"itemListElement\":[{\"@type\":\"ListItem\",\"position\":1,\"name\":\"Home\",\"item\":\"https:\/\/kingzip.com\/fr\/\"},{\"@type\":\"ListItem\",\"position\":2,\"name\":\"Contact\"}]},{\"@type\":\"WebSite\",\"@id\":\"https:\/\/kingzip.com\/fr\/#website\",\"url\":\"https:\/\/kingzip.com\/fr\/\",\"name\":\"KKF Kingzip\",\"description\":\"\",\"publisher\":{\"@id\":\"https:\/\/kingzip.com\/fr\/#organization\"},\"potentialAction\":[{\"@type\":\"SearchAction\",\"target\":{\"@type\":\"EntryPoint\",\"urlTemplate\":\"https:\/\/kingzip.com\/fr\/?s={search_term_string}\"},\"query-input\":\"required name=search_term_string\"}],\"inLanguage\":\"fr-FR\"},{\"@type\":\"Organization\",\"@id\":\"https:\/\/kingzip.com\/fr\/#organization\",\"name\":\"KKF Kingzip\",\"url\":\"https:\/\/kingzip.com\/fr\/\",\"logo\":{\"@type\":\"ImageObject\",\"inLanguage\":\"fr-FR\",\"@id\":\"https:\/\/kingzip.com\/fr\/#\/schema\/logo\/image\/\",\"url\":\"http:\/\/kingzip.com\/wp-content\/uploads\/2023\/04\/cropped-Kingzip-logo.png\",\"contentUrl\":\"http:\/\/kingzip.com\/wp-content\/uploads\/2023\/04\/cropped-Kingzip-logo.png\",\"width\":512,\"height\":512,\"caption\":\"KKF Kingzip\"},\"image\":{\"@id\":\"https:\/\/kingzip.com\/fr\/#\/schema\/logo\/image\/\"},\"sameAs\":[\"https:\/\/www.facebook.com\/KingzipFasteners\/\",\"https:\/\/www.linkedin.com\/company\/kingzip\/\"]}]}<\/script>\n<!-- \/ Yoast SEO plugin. -->","yoast_head_json":{"title":"Experts en solutions de fermetures \u00e9clair | KKF KingZip","description":"Contactez-nous pour les meilleures fermetures \u00e9clair pour vos produits. Votre satisfaction est notre priorit\u00e9. Appelez-nous d\u00e8s aujourd'hui au (514) 336-6688.","robots":{"index":"index","follow":"follow","max-snippet":"max-snippet:-1","max-image-preview":"max-image-preview:large","max-video-preview":"max-video-preview:-1"},"canonical":"https:\/\/kingzip.com\/fr\/contact\/","og_locale":"fr_FR","og_type":"article","og_title":"Experts en solutions de fermetures \u00e9clair | KKF KingZip","og_description":"Contactez-nous pour les meilleures fermetures \u00e9clair pour vos produits. Votre satisfaction est notre priorit\u00e9. Appelez-nous d\u00e8s aujourd'hui au (514) 336-6688.","og_url":"https:\/\/kingzip.com\/fr\/contact\/","og_site_name":"KKF Kingzip","article_publisher":"https:\/\/www.facebook.com\/KingzipFasteners\/","article_modified_time":"2023-08-03T06:22:11+00:00","og_image":[{"width":1108,"height":920,"url":"https:\/\/kingzip.com\/wp-content\/uploads\/2023\/04\/img-about-head-office-1.jpg","type":"image\/jpeg"}],"twitter_card":"summary_large_image","twitter_title":"Experts en solutions de fermetures \u00e9clair | KKF KingZip","twitter_description":"Contactez-nous pour les meilleures fermetures \u00e9clair pour vos produits. Votre satisfaction est notre priorit\u00e9. Appelez-nous d\u00e8s aujourd'hui au (514) 336-6688.","twitter_image":"https:\/\/kingzip.com\/wp-content\/uploads\/2023\/04\/img-about-head-office-1.jpg","schema":{"@context":"https:\/\/schema.org","@graph":[{"@type":"WebPage","@id":"https:\/\/kingzip.com\/fr\/contact\/","url":"https:\/\/kingzip.com\/fr\/contact\/","name":"Experts en solutions de fermetures \u00e9clair | KKF KingZip","isPartOf":{"@id":"https:\/\/kingzip.com\/fr\/#website"},"datePublished":"2023-04-04T11:43:21+00:00","dateModified":"2023-08-03T06:22:11+00:00","description":"Contactez-nous pour les meilleures fermetures \u00e9clair pour vos produits. Votre satisfaction est notre priorit\u00e9. Appelez-nous d\u00e8s aujourd'hui au (514) 336-6688.","breadcrumb":{"@id":"https:\/\/kingzip.com\/fr\/contact\/#breadcrumb"},"inLanguage":"fr-FR","potentialAction":[{"@type":"ReadAction","target":["https:\/\/kingzip.com\/fr\/contact\/"]}]},{"@type":"BreadcrumbList","@id":"https:\/\/kingzip.com\/fr\/contact\/#breadcrumb","itemListElement":[{"@type":"ListItem","position":1,"name":"Home","item":"https:\/\/kingzip.com\/fr\/"},{"@type":"ListItem","position":2,"name":"Contact"}]},{"@type":"WebSite","@id":"https:\/\/kingzip.com\/fr\/#website","url":"https:\/\/kingzip.com\/fr\/","name":"KKF Kingzip","description":"","publisher":{"@id":"https:\/\/kingzip.com\/fr\/#organization"},"potentialAction":[{"@type":"SearchAction","target":{"@type":"EntryPoint","urlTemplate":"https:\/\/kingzip.com\/fr\/?s={search_term_string}"},"query-input":"required name=search_term_string"}],"inLanguage":"fr-FR"},{"@type":"Organization","@id":"https:\/\/kingzip.com\/fr\/#organization","name":"KKF Kingzip","url":"https:\/\/kingzip.com\/fr\/","logo":{"@type":"ImageObject","inLanguage":"fr-FR","@id":"https:\/\/kingzip.com\/fr\/#\/schema\/logo\/image\/","url":"http:\/\/kingzip.com\/wp-content\/uploads\/2023\/04\/cropped-Kingzip-logo.png","contentUrl":"http:\/\/kingzip.com\/wp-content\/uploads\/2023\/04\/cropped-Kingzip-logo.png","width":512,"height":512,"caption":"KKF Kingzip"},"image":{"@id":"https:\/\/kingzip.com\/fr\/#\/schema\/logo\/image\/"},"sameAs":["https:\/\/www.facebook.com\/KingzipFasteners\/","https:\/\/www.linkedin.com\/company\/kingzip\/"]}]}},"_links":{"self":[{"href":"https:\/\/kingzip.com\/fr\/wp-json\/wp\/v2\/pages\/490","targetHints":{"allow":["GET"]}}],"collection":[{"href":"https:\/\/kingzip.com\/fr\/wp-json\/wp\/v2\/pages"}],"about":[{"href":"https:\/\/kingzip.com\/fr\/wp-json\/wp\/v2\/types\/page"}],"author":[{"embeddable":true,"href":"https:\/\/kingzip.com\/fr\/wp-json\/wp\/v2\/users\/2"}],"replies":[{"embeddable":true,"href":"https:\/\/kingzip.com\/fr\/wp-json\/wp\/v2\/comments?post=490"}],"version-history":[{"count":0,"href":"https:\/\/kingzip.com\/fr\/wp-json\/wp\/v2\/pages\/490\/revisions"}],"wp:attachment":[{"href":"https:\/\/kingzip.com\/fr\/wp-json\/wp\/v2\/media?parent=490"}],"curies":[{"name":"wp","href":"https:\/\/api.w.org\/{rel}","templated":true}]}}